{"id":204,"date":"2024-04-10T15:00:53","date_gmt":"2024-04-10T13:00:53","guid":{"rendered":"https:\/\/sls-telemedicina.sk\/stanovy\/"},"modified":"2024-04-10T15:01:44","modified_gmt":"2024-04-10T13:01:44","slug":"statutes","status":"publish","type":"page","link":"https:\/\/sls-telemedicina.sk\/en\/statutes\/","title":{"rendered":"Statutes"},"content":{"rendered":"<p>Od roku 2023 \u00fazko spolupracujeme so Slovenskou lek\u00e1rskou spolo\u010dnos\u0165ou a sl\u00fa\u017eime ako nez\u00e1visl\u00e1 platforma pre odborn\u00fa podporu telemedic\u00edny na Slovensku.<\/p>\n<p>M\u00e1me jasn\u00fd pl\u00e1n \u2013 odbremeni\u0165 pre\u0165a\u017een\u00fd slovensk\u00fd zdravotn\u00fd syst\u00e9m a pacientom zv\u00fd\u0161i\u0165 kvalitu \u017eivota. Pr\u00e1ve preto sa zasadzujeme o moderniz\u00e1ciu a zefekt\u00edvnenie slovensk\u00e9ho zdravotn\u00edctva prostredn\u00edctvom implement\u00e1cie telemedic\u00ednskych rie\u0161en\u00ed.<\/p>\n<p>Na\u0161a spolo\u010dnos\u0165 je riaden\u00e1 stanovami, ktor\u00e9 definuj\u00fa jej fungovanie a ciele. Radi sa o ne podel\u00edme aj verejne, stiahnu\u0165 si ich m\u00f4\u017eete v tejto sekcii.<\/p>\n","protected":false},"excerpt":{"rendered":"<p>Od roku 2023 \u00fazko spolupracujeme so Slovenskou lek\u00e1rskou spolo\u010dnos\u0165ou a sl\u00fa\u017eime ako nez\u00e1visl\u00e1 platforma pre odborn\u00fa podporu telemedic\u00edny na Slovensku. M\u00e1me jasn\u00fd pl\u00e1n \u2013 odbremeni\u0165 pre\u0165a\u017een\u00fd slovensk\u00fd zdravotn\u00fd syst\u00e9m a pacientom zv\u00fd\u0161i\u0165 kvalitu \u017eivota. Pr\u00e1ve preto sa zasadzujeme o moderniz\u00e1ciu a zefekt\u00edvnenie slovensk\u00e9ho zdravotn\u00edctva prostredn\u00edctvom implement\u00e1cie telemedic\u00ednskych rie\u0161en\u00ed. Na\u0161a spolo\u010dnos\u0165 je riaden\u00e1 stanovami, ktor\u00e9 definuj\u00fa [&hellip;]<\/p>\n","protected":false},"author":1,"featured_media":0,"parent":0,"menu_order":0,"comment_status":"closed","ping_status":"closed","template":"","meta":{"_acf_changed":false,"footnotes":""},"class_list":["post-204","page","type-page","status-publish","hentry"],"acf":[],"yoast_head":"<!-- This site is optimized with the Yoast SEO plugin v22.7 - https:\/\/yoast.com\/wordpress\/plugins\/seo\/ -->\n<title>Statutes - Slovensk\u00e1 spolo\u010dnos\u0165 pre telemedic\u00ednu a digit\u00e1lne zdravie<\/title>\n<meta name=\"robots\" content=\"index, follow, max-snippet:-1, max-image-preview:large, max-video-preview:-1\" \/>\n<link rel=\"canonical\" href=\"https:\/\/sls-telemedicina.sk\/en\/statutes\/\" \/>\n<meta property=\"og:locale\" content=\"en_US\" \/>\n<meta property=\"og:type\" content=\"article\" \/>\n<meta property=\"og:title\" content=\"Statutes - Slovensk\u00e1 spolo\u010dnos\u0165 pre telemedic\u00ednu a digit\u00e1lne zdravie\" \/>\n<meta property=\"og:description\" content=\"Od roku 2023 \u00fazko spolupracujeme so Slovenskou lek\u00e1rskou spolo\u010dnos\u0165ou a sl\u00fa\u017eime ako nez\u00e1visl\u00e1 platforma pre odborn\u00fa podporu telemedic\u00edny na Slovensku. M\u00e1me jasn\u00fd pl\u00e1n \u2013 odbremeni\u0165 pre\u0165a\u017een\u00fd slovensk\u00fd zdravotn\u00fd syst\u00e9m a pacientom zv\u00fd\u0161i\u0165 kvalitu \u017eivota. Pr\u00e1ve preto sa zasadzujeme o moderniz\u00e1ciu a zefekt\u00edvnenie slovensk\u00e9ho zdravotn\u00edctva prostredn\u00edctvom implement\u00e1cie telemedic\u00ednskych rie\u0161en\u00ed. Na\u0161a spolo\u010dnos\u0165 je riaden\u00e1 stanovami, ktor\u00e9 definuj\u00fa [&hellip;]\" \/>\n<meta property=\"og:url\" content=\"https:\/\/sls-telemedicina.sk\/en\/statutes\/\" \/>\n<meta property=\"og:site_name\" content=\"Slovensk\u00e1 spolo\u010dnos\u0165 pre telemedic\u00ednu a digit\u00e1lne zdravie\" \/>\n<meta property=\"article:modified_time\" content=\"2024-04-10T13:01:44+00:00\" \/>\n<meta name=\"twitter:card\" content=\"summary_large_image\" \/>\n<meta name=\"twitter:label1\" content=\"Est. reading time\" \/>\n\t<meta name=\"twitter:data1\" content=\"1 minute\" \/>\n<script type=\"application\/ld+json\" class=\"yoast-schema-graph\">{\"@context\":\"https:\/\/schema.org\",\"@graph\":[{\"@type\":\"WebPage\",\"@id\":\"https:\/\/sls-telemedicina.sk\/en\/statutes\/\",\"url\":\"https:\/\/sls-telemedicina.sk\/en\/statutes\/\",\"name\":\"Statutes - Slovensk\u00e1 spolo\u010dnos\u0165 pre telemedic\u00ednu a digit\u00e1lne zdravie\",\"isPartOf\":{\"@id\":\"https:\/\/sls-telemedicina.sk\/#website\"},\"datePublished\":\"2024-04-10T13:00:53+00:00\",\"dateModified\":\"2024-04-10T13:01:44+00:00\",\"breadcrumb\":{\"@id\":\"https:\/\/sls-telemedicina.sk\/en\/statutes\/#breadcrumb\"},\"inLanguage\":\"en-US\",\"potentialAction\":[{\"@type\":\"ReadAction\",\"target\":[\"https:\/\/sls-telemedicina.sk\/en\/statutes\/\"]}]},{\"@type\":\"BreadcrumbList\",\"@id\":\"https:\/\/sls-telemedicina.sk\/en\/statutes\/#breadcrumb\",\"itemListElement\":[{\"@type\":\"ListItem\",\"position\":1,\"name\":\"Domovsk\u00e1 str\u00e1nka\",\"item\":\"https:\/\/sls-telemedicina.sk\/en\/\"},{\"@type\":\"ListItem\",\"position\":2,\"name\":\"Statutes\"}]},{\"@type\":\"WebSite\",\"@id\":\"https:\/\/sls-telemedicina.sk\/#website\",\"url\":\"https:\/\/sls-telemedicina.sk\/\",\"name\":\"Slovensk\u00e1 spolo\u010dnos\u0165 pre telemedic\u00ednu a digit\u00e1lne zdravie\",\"description\":\"\",\"potentialAction\":[{\"@type\":\"SearchAction\",\"target\":{\"@type\":\"EntryPoint\",\"urlTemplate\":\"https:\/\/sls-telemedicina.sk\/?s={search_term_string}\"},\"query-input\":\"required name=search_term_string\"}],\"inLanguage\":\"en-US\"}]}<\/script>\n<!-- \/ Yoast SEO plugin. -->","yoast_head_json":{"title":"Statutes - Slovensk\u00e1 spolo\u010dnos\u0165 pre telemedic\u00ednu a digit\u00e1lne zdravie","robots":{"index":"index","follow":"follow","max-snippet":"max-snippet:-1","max-image-preview":"max-image-preview:large","max-video-preview":"max-video-preview:-1"},"canonical":"https:\/\/sls-telemedicina.sk\/en\/statutes\/","og_locale":"en_US","og_type":"article","og_title":"Statutes - Slovensk\u00e1 spolo\u010dnos\u0165 pre telemedic\u00ednu a digit\u00e1lne zdravie","og_description":"Od roku 2023 \u00fazko spolupracujeme so Slovenskou lek\u00e1rskou spolo\u010dnos\u0165ou a sl\u00fa\u017eime ako nez\u00e1visl\u00e1 platforma pre odborn\u00fa podporu telemedic\u00edny na Slovensku. M\u00e1me jasn\u00fd pl\u00e1n \u2013 odbremeni\u0165 pre\u0165a\u017een\u00fd slovensk\u00fd zdravotn\u00fd syst\u00e9m a pacientom zv\u00fd\u0161i\u0165 kvalitu \u017eivota. Pr\u00e1ve preto sa zasadzujeme o moderniz\u00e1ciu a zefekt\u00edvnenie slovensk\u00e9ho zdravotn\u00edctva prostredn\u00edctvom implement\u00e1cie telemedic\u00ednskych rie\u0161en\u00ed. Na\u0161a spolo\u010dnos\u0165 je riaden\u00e1 stanovami, ktor\u00e9 definuj\u00fa [&hellip;]","og_url":"https:\/\/sls-telemedicina.sk\/en\/statutes\/","og_site_name":"Slovensk\u00e1 spolo\u010dnos\u0165 pre telemedic\u00ednu a digit\u00e1lne zdravie","article_modified_time":"2024-04-10T13:01:44+00:00","twitter_card":"summary_large_image","twitter_misc":{"Est. reading time":"1 minute"},"schema":{"@context":"https:\/\/schema.org","@graph":[{"@type":"WebPage","@id":"https:\/\/sls-telemedicina.sk\/en\/statutes\/","url":"https:\/\/sls-telemedicina.sk\/en\/statutes\/","name":"Statutes - Slovensk\u00e1 spolo\u010dnos\u0165 pre telemedic\u00ednu a digit\u00e1lne zdravie","isPartOf":{"@id":"https:\/\/sls-telemedicina.sk\/#website"},"datePublished":"2024-04-10T13:00:53+00:00","dateModified":"2024-04-10T13:01:44+00:00","breadcrumb":{"@id":"https:\/\/sls-telemedicina.sk\/en\/statutes\/#breadcrumb"},"inLanguage":"en-US","potentialAction":[{"@type":"ReadAction","target":["https:\/\/sls-telemedicina.sk\/en\/statutes\/"]}]},{"@type":"BreadcrumbList","@id":"https:\/\/sls-telemedicina.sk\/en\/statutes\/#breadcrumb","itemListElement":[{"@type":"ListItem","position":1,"name":"Domovsk\u00e1 str\u00e1nka","item":"https:\/\/sls-telemedicina.sk\/en\/"},{"@type":"ListItem","position":2,"name":"Statutes"}]},{"@type":"WebSite","@id":"https:\/\/sls-telemedicina.sk\/#website","url":"https:\/\/sls-telemedicina.sk\/","name":"Slovensk\u00e1 spolo\u010dnos\u0165 pre telemedic\u00ednu a digit\u00e1lne zdravie","description":"","potentialAction":[{"@type":"SearchAction","target":{"@type":"EntryPoint","urlTemplate":"https:\/\/sls-telemedicina.sk\/?s={search_term_string}"},"query-input":"required name=search_term_string"}],"inLanguage":"en-US"}]}},"_links":{"self":[{"href":"https:\/\/sls-telemedicina.sk\/en\/wp-json\/wp\/v2\/pages\/204","targetHints":{"allow":["GET"]}}],"collection":[{"href":"https:\/\/sls-telemedicina.sk\/en\/wp-json\/wp\/v2\/pages"}],"about":[{"href":"https:\/\/sls-telemedicina.sk\/en\/wp-json\/wp\/v2\/types\/page"}],"author":[{"embeddable":true,"href":"https:\/\/sls-telemedicina.sk\/en\/wp-json\/wp\/v2\/users\/1"}],"replies":[{"embeddable":true,"href":"https:\/\/sls-telemedicina.sk\/en\/wp-json\/wp\/v2\/comments?post=204"}],"version-history":[{"count":1,"href":"https:\/\/sls-telemedicina.sk\/en\/wp-json\/wp\/v2\/pages\/204\/revisions"}],"predecessor-version":[{"id":205,"href":"https:\/\/sls-telemedicina.sk\/en\/wp-json\/wp\/v2\/pages\/204\/revisions\/205"}],"wp:attachment":[{"href":"https:\/\/sls-telemedicina.sk\/en\/wp-json\/wp\/v2\/media?parent=204"}],"curies":[{"name":"wp","href":"https:\/\/api.w.org\/{rel}","templated":true}]}}